{"id":66,"date":"2023-05-25T11:37:36","date_gmt":"2023-05-25T11:37:36","guid":{"rendered":"http:\/\/mrg-coaching.com\/?page_id=66"},"modified":"2023-11-06T15:49:31","modified_gmt":"2023-11-06T13:49:31","slug":"impressum","status":"publish","type":"page","link":"https:\/\/mrg-coaching.com\/en\/impressum\/","title":{"rendered":"Legal Disclosure"},"content":{"rendered":"<p>[et_pb_section fb_built=&#8220;1&#8243; admin_label=&#8220;Header_Impressum&#8220; _builder_version=&#8220;4.23&#8243; background_color=&#8220;RGBA(255,255,255,0)&#8220; background_enable_image=&#8220;off&#8220; background_size=&#8220;initial&#8220; background_repeat=&#8220;repeat&#8220; da_disable_devices=&#8220;off|off|off&#8220; global_colors_info=&#8220;{}&#8220; da_is_popup=&#8220;off&#8220; da_exit_intent=&#8220;off&#8220; da_has_close=&#8220;on&#8220; da_alt_close=&#8220;off&#8220; da_dark_close=&#8220;off&#8220; da_not_modal=&#8220;on&#8220; da_is_singular=&#8220;off&#8220; da_with_loader=&#8220;off&#8220; da_has_shadow=&#8220;on&#8220;][et_pb_row admin_label=&#8220;Zeile&#8220; _builder_version=&#8220;4.16&#8243; use_custom_width=&#8220;on&#8220; width_unit=&#8220;off&#8220; custom_width_percent=&#8220;100%&#8220; locked=&#8220;off&#8220; global_colors_info=&#8220;{}&#8220;][et_pb_column type=&#8220;4_4&#8243; admin_label=&#8220;Spalte&#8220; _builder_version=&#8220;4.16&#8243; custom_padding=&#8220;|||&#8220; global_colors_info=&#8220;{}&#8220; custom_padding__hover=&#8220;|||&#8220;][et_pb_text admin_label=&#8220;Text&#8220; _builder_version=&#8220;4.16&#8243; text_font=&#8220;||||||||&#8220; header_3_font=&#8220;Prata||||||||&#8220; header_3_text_align=&#8220;left&#8220; header_3_font_size=&#8220;40px&#8220; transform_translate_linked=&#8220;off&#8220; max_width=&#8220;100%&#8220; max_width_tablet=&#8220;70%&#8220; max_width_last_edited=&#8220;off|phone&#8220; custom_padding=&#8220;||0px|||&#8220; header_3_font_size_tablet=&#8220;40px&#8220; header_3_font_size_phone=&#8220;35px&#8220; header_3_font_size_last_edited=&#8220;on|phone&#8220; inline_fonts=&#8220;QuicheSans&#8220; global_colors_info=&#8220;{}&#8220;]<\/p>\n<h2 style=\"text-align: center;\"><span style=\"color: #d89c24; font-family: QuicheSans;\"><strong>Impressum<\/strong><\/span><\/h2>\n<p>[\/et_pb_text][et_pb_divider color=&#8220;#3E4E34&#8243; divider_weight=&#8220;1.5px&#8220; _builder_version=&#8220;4.21.0&#8243; _module_preset=&#8220;default&#8220; width=&#8220;5%&#8220; module_alignment=&#8220;center&#8220; global_colors_info=&#8220;{}&#8220;][\/et_pb_divider][et_pb_text admin_label=&#8220;Text&#8220; _builder_version=&#8220;4.21.0&#8243; text_text_color=&#8220;#3E4E34&#8243; text_text_align=&#8220;center&#8220; locked=&#8220;off&#8220; global_colors_info=&#8220;{}&#8220;]<\/p>\n<h6 style=\"text-align: left;\"><span style=\"color: #3e4e34; font-size: x-large;\"><strong><span class=\"color_15 wixui-rich-text__text\">\u00a0<\/span><\/strong><\/span><\/h6>\n<p class=\"font_9 wixui-rich-text__text\" style=\"line-height: 1.875em; font-size: 15px; text-align: center;\"><span style=\"font-size: large;\"><strong><span class=\"color_15 wixui-rich-text__text\">Angaben gem. \u00a7 5 TMG<\/span><\/strong><\/span><\/p>\n<p class=\"font_9 wixui-rich-text__text\" style=\"line-height: 1.875em; font-size: 15px; text-align: center;\"><span class=\"color_15 wixui-rich-text__text\" style=\"font-size: medium;\">Marie-Rose Ghazaryan<br \/><\/span><\/p>\n<p class=\"font_9 wixui-rich-text__text\" style=\"line-height: 1.875em; font-size: 15px; text-align: center;\"><span class=\"color_15 wixui-rich-text__text\" style=\"font-size: medium;\">Schlo\u00dfstr. 115<br \/><\/span><\/p>\n<p class=\"font_9 wixui-rich-text__text\" style=\"line-height: 1.875em; font-size: 15px; text-align: center;\"><span class=\"color_15 wixui-rich-text__text\" style=\"font-size: medium;\">12163 Berlin<\/span><\/p>\n<p class=\"font_9 wixui-rich-text__text\" style=\"line-height: 1.875em; font-size: 15px; text-align: center;\"><span class=\"color_15 wixui-rich-text__text\"><\/span><\/p>\n<p class=\"font_9 wixui-rich-text__text\" style=\"line-height: 1.875em; font-size: 15px; text-align: center;\"><strong><span class=\"color_15 wixui-rich-text__text\"><br \/><span style=\"color: #3e4e34; font-size: medium;\">Kontakt<\/span><\/span><\/strong><\/p>\n<p class=\"font_9 wixui-rich-text__text\" style=\"line-height: 1.875em; font-size: 15px; text-align: center;\"><span class=\"color_15 wixui-rich-text__text\" style=\"font-size: medium;\">Telefon: 0176 821 95 394<br \/><\/span><\/p>\n<p class=\"font_9 wixui-rich-text__text\" style=\"line-height: 1.875em; font-size: 15px; text-align: center;\"><span class=\"color_15 wixui-rich-text__text\" style=\"font-size: medium;\">E-Mail: <a data-auto-recognition=\"true\" href=\"mailto:kontakt@yoga-harmonique.com\" class=\"wixui-rich-text__text\"><span style=\"color: #3e4e34;\"><\/span><\/a><a href=\"mailto:marie-rose@mrg-coaching.com\"><span style=\"color: #d89c24;\">marie-rose@mrg-coaching.com<\/span><\/a><span style=\"color: #d89c24;\">\u00a0<\/span><\/span><\/p>\n<p class=\"font_9 wixui-rich-text__text\" style=\"line-height: 1.875em; font-size: 15px; text-align: center;\"><span class=\"color_15 wixui-rich-text__text\"><\/span><\/p>\n<p class=\"font_9 wixui-rich-text__text\" style=\"line-height: 1.875em; font-size: 15px; text-align: center;\"><strong><span class=\"color_15 wixui-rich-text__text\"><\/span><\/strong><\/p>\n<p class=\"font_9 wixui-rich-text__text\" style=\"line-height: 1.875em; font-size: 15px; text-align: center;\"><span style=\"color: #3e4e34; font-size: medium;\"><strong><span class=\"color_15 wixui-rich-text__text\">Umsatzsteuer-ID gem. \u00a7 27a Umsatzsteuergesetz<\/span><\/strong><\/span><span class=\"color_15 wixui-rich-text__text\"><\/span><span class=\"color_15 wixui-rich-text__text\"><\/span><\/p>\n<p class=\"font_9 wixui-rich-text__text\" style=\"line-height: 1.875em; font-size: 15px; text-align: center;\"><span class=\"color_15 wixui-rich-text__text\" style=\"font-size: medium;\">Ust-IdNr: DE363378767<\/span><\/p>\n<p class=\"font_9 wixui-rich-text__text\" style=\"line-height: 1.875em; font-size: 15px; text-align: center;\"><span class=\"color_15 wixui-rich-text__text\"><\/span><\/p>\n<p class=\"font_9 wixui-rich-text__text\" style=\"line-height: 1.875em; font-size: 15px; text-align: center;\"><span class=\"color_15 wixui-rich-text__text\"><\/span><\/p>\n<p class=\"font_9 wixui-rich-text__text\" style=\"line-height: 1.875em; font-size: 15px; text-align: center;\"><span style=\"font-size: medium;\"><strong><span class=\"color_15 wixui-rich-text__text\">Inhaltlich Verwantwortliche gem. \u00a7 55 II RStV<\/span><\/strong><\/span><\/p>\n<p class=\"font_9 wixui-rich-text__text\" style=\"line-height: 1.875em; font-size: 15px; text-align: center;\"><span class=\"color_15 wixui-rich-text__text\" style=\"font-size: medium;\">Texte &amp; Grafiken: Marie-Rose Ghazaryan<\/span><\/p>\n<p class=\"font_9 wixui-rich-text__text\" style=\"line-height: 1.875em; font-size: 15px; text-align: center;\"><span class=\"color_15 wixui-rich-text__text\" style=\"font-size: medium;\">Adresse: s.o.<\/span><\/p>\n<p class=\"font_9 wixui-rich-text__text\" style=\"line-height: 1.875em; font-size: 15px; text-align: center;\"><span style=\"font-size: medium;\">Fotos: unsplash.com<\/span><span class=\"color_15 wixui-rich-text__text\"><\/span><\/p>\n<p class=\"font_9 wixui-rich-text__text\" style=\"line-height: 1.875em; font-size: 15px; text-align: left;\">\n<p class=\"font_9 wixui-rich-text__text\" style=\"line-height: 1.875em; font-size: 15px; text-align: left;\">\n<h5><span style=\"font-size: large;\"><strong>Hinweis gem\u00e4\u00df Online-Streitbeilegungs-Verordnung<\/strong><\/span><\/h5>\n<p><span style=\"font-size: medium;\"><strong><\/strong><\/span><\/p>\n<p><span style=\"font-size: small;\">Nach geltendem Recht bin ich verpflichtet, Verbraucher auf die Existenz der Europ\u00e4ischen Online-Streitbeilegungs-Plattform hinzuweisen, die f\u00fcr die Beilegung von Streitigkeiten genutzt werden kann, ohne dass ein Gericht eingeschaltet werden muss. F\u00fcr die Einrichtung der Plattform ist die Europ\u00e4ische Kommission zust\u00e4ndig. Die Europ\u00e4ische Online-Streitbeilegungs-Plattform ist hier zu finden: <a href=\"https:\/\/ec.europa.eu\/odr\"><span style=\"color: #d89c24;\">https:\/\/ec.europa.eu\/odr<\/span><\/a>. Meine E-Mail-Adresse lautet: <a href=\"mailto:marie-rose@mrg-coaching.com\"><span style=\"color: #d89c24;\">marie-rose@mrg-coaching.com<\/span><\/a>. Ich weise aber darauf hin, dass ich nicht bereit bin, mich am Streitbeilegungsverfahren im Rahmen der Europ\u00e4ischen Online-Streitbeilegungs-Plattform zu beteiligen.<\/span><\/p>\n<p><span style=\"font-size: small;\"><\/span><\/p>\n<p><span style=\"font-size: medium;\"><\/span><\/p>\n<h5><span style=\"font-size: large;\"><strong>\u00a7 1 Warnhinweis zu Inhalten<\/strong><\/span><\/h5>\n<p><strong><\/strong><\/p>\n<p><span style=\"font-size: small;\">Die kostenlosen und frei zug\u00e4nglichen Inhalte dieser Webseite wurden mit gr\u00f6\u00dftm\u00f6glicher Sorgfalt erstellt. Der Anbieter dieser Webseite \u00fcbernimmt jedoch keine Gew\u00e4hr f\u00fcr die Richtigkeit und Aktualit\u00e4t der bereitgestellten Informationen. Allein durch den Aufruf der kostenlosen und frei zug\u00e4nglichen Inhalte kommt keinerlei Vertragsverh\u00e4ltnis zwischen dem Nutzer und dem Anbieter zustande, insoweit fehlt es am Rechtsbindungswillen des Anbieters.<\/span><\/p>\n<p>&nbsp;<\/p>\n<h5><span style=\"font-size: large;\"><strong>\u00a7 2 Externe Links<\/strong><\/span><\/h5>\n<p><strong><\/strong><\/p>\n<p><span style=\"font-size: small;\">Diese Website enth\u00e4lt Verkn\u00fcpfungen zu Websites Dritter (\u201eexterne Links\u201c). Diese Websites unterliegen der Haftung der jeweiligen Betreiber. Der Anbieter hat bei der erstmaligen Verkn\u00fcpfung der externen Links die fremden Inhalte daraufhin \u00fcberpr\u00fcft, ob etwaige Rechtsverst\u00f6\u00dfe bestehen. Zu dem Zeitpunkt waren keine Rechtsverst\u00f6\u00dfe ersichtlich. Der Anbieter hat keinerlei Einfluss auf die aktuelle und zuk\u00fcnftige Gestaltung und auf die Inhalte der verkn\u00fcpften Seiten. Das Setzen von externen Links bedeutet nicht, dass sich der Anbieter die hinter dem Verweis oder Link liegenden Inhalte zu Eigen macht. Eine st\u00e4ndige Kontrolle der externen Links ist f\u00fcr den Anbieter ohne konkrete Hinweise auf Rechtsverst\u00f6\u00dfe nicht zumutbar. Bei Kenntnis von Rechtsverst\u00f6\u00dfen werden jedoch derartige externe Links unverz\u00fcglich gel\u00f6scht.<\/span><\/p>\n<p>&nbsp;<\/p>\n<h5><span style=\"font-size: large;\"><strong>\u00a7 3 Urheber- und Leistungsschutzrechte<\/strong><\/span><\/h5>\n<p><strong><\/strong><\/p>\n<p><span style=\"font-size: small;\">Die auf dieser Website ver\u00f6ffentlichten Inhalte unterliegen dem deutschen Urheber- und Leistungsschutzrecht. Jede vom deutschen Urheber- und Leistungsschutzrecht nicht zugelassene Verwertung bedarf der vorherigen schriftlichen Zustimmung des Anbieters oder jeweiligen Rechteinhabers. Dies gilt insbesondere f\u00fcr Vervielf\u00e4ltigung, Bearbeitung, \u00dcbersetzung, Einspeicherung, Verarbeitung bzw. Wiedergabe von Inhalten in Datenbanken oder anderen elektronischen Medien und Systemen. Die unerlaubte Vervielf\u00e4ltigung oder Weitergabe einzelner Inhalte oder kompletter Seiten ist nicht gestattet und strafbar. Die Darstellung dieser Website in fremden Frames ist nur mit schriftlicher Erlaubnis zul\u00e4ssig.<\/span><\/p>\n<p>&nbsp;<\/p>\n<h5><span style=\"font-size: large;\"><strong>\u00a7 4 Besondere Nutzungsbedingungen<\/strong><\/span><\/h5>\n<p><strong><\/strong><\/p>\n<p><span style=\"font-size: small;\">Soweit besondere Bedingungen f\u00fcr einzelne Nutzungen dieser Website von den vorgenannten Paragraphen abweichen, wird an entsprechender Stelle ausdr\u00fccklich darauf hingewiesen. In diesem Falle gelten im jeweiligen Einzelfall die besonderen Nutzungsbedingungen.<\/span><strong><\/strong><\/p>\n<p>&nbsp;<\/p>\n<h6><span style=\"color: #d89c24;\"><strong>Haftungsausschluss<\/strong><\/span><\/h6>\n<p>&nbsp;<\/p>\n<h6><\/h6>\n<h6><span style=\"color: #d89c24;\"><em>Haftung f\u00fcr Links<\/em><\/span><\/h6>\n<p><span style=\"font-size: small;\">Unser Angebot enth\u00e4lt Links zu externen Webseiten Dritter, auf deren Inhalte wir keinen Einfluss haben. Deshalb k\u00f6nnen wir f\u00fcr diese fremden Inhalte auch keine Gew\u00e4hr \u00fcbernehmen. F\u00fcr die Inhalte der verlinkten Seiten ist stets der jeweilige Anbieter oder Betreiber der Seiten verantwortlich. Die verlinkten Seiten wurden zum Zeitpunkt der Verlinkung auf m\u00f6gliche Rechtsverst\u00f6\u00dfe \u00fcberpr\u00fcft. Rechtswidrige Inhalte waren zum Zeitpunkt der Verlinkung nicht erkennbar. Eine permanente inhaltliche Kontrolle der verlinkten Seiten ist jedoch ohne konkrete Anhaltspunkte einer Rechtsverletzung nicht zumutbar. Bei Bekanntwerden von Rechtsverletzungen werden wir derartige Links umgehend entfernen.<\/span><\/p>\n<h6>\u200b<\/h6>\n<h6><span style=\"color: #d89c24;\"><em>Urheberrecht<\/em><\/span><\/h6>\n<p><span style=\"font-size: small;\">Die durch die Seitenbetreiber erstellten Inhalte und Werke auf diesen Seiten unterliegen dem deutschen Urheberrecht. Die Vervielf\u00e4ltigung, Bearbeitung, Verbreitung und jede Art der Verwertung au\u00dferhalb der Grenzen des Urheberrechtes bed\u00fcrfen der schriftlichen Zustimmung des jeweiligen Autors bzw. Erstellers. Downloads und Kopien dieser Seite sind nur f\u00fcr den privaten, nicht kommerziellen Gebrauch gestattet. Soweit die Inhalte auf dieser Seite nicht vom Betreiber erstellt wurden, werden die Urheberrechte Dritter beachtet. Insbesondere werden Inhalte Dritter als solche gekennzeichnet. Sollten Sie trotzdem auf eine Urheberrechtsverletzung aufmerksam werden, bitten wir um einen entsprechenden Hinweis. Bei Bekanntwerden von Rechtsverletzungen werden wir derartige Inhalte umgehend entfernen.<\/span><strong><\/strong><span style=\"font-size: medium;\"><\/span><span style=\"font-size: medium;\"><\/span><span style=\"font-size: medium;\"><\/span><span style=\"font-size: medium;\"><\/span><strong><\/strong><span style=\"font-size: medium;\"><\/span><\/p>\n<p><span style=\"font-size: medium;\"><\/span><strong><\/strong><\/p>\n<p class=\"font_9 wixui-rich-text__text\" style=\"line-height: 1.875em; font-size: 15px; text-align: left;\"><span class=\"color_15 wixui-rich-text__text\"><\/span><\/p>\n<p>[\/et_pb_text][\/et_pb_column][\/et_pb_row][\/et_pb_section][et_pb_section fb_built=&#8220;1&#8243; _builder_version=&#8220;4.23&#8243; _module_preset=&#8220;default&#8220; background_color=&#8220;#D0D7AC&#8220; da_disable_devices=&#8220;off|off|off&#8220; global_colors_info=&#8220;{}&#8220; da_is_popup=&#8220;off&#8220; da_exit_intent=&#8220;off&#8220; da_has_close=&#8220;on&#8220; da_alt_close=&#8220;off&#8220; da_dark_close=&#8220;off&#8220; da_not_modal=&#8220;on&#8220; da_is_singular=&#8220;off&#8220; da_with_loader=&#8220;off&#8220; da_has_shadow=&#8220;on&#8220;][et_pb_row _builder_version=&#8220;4.21.0&#8243; _module_preset=&#8220;default&#8220; global_colors_info=&#8220;{}&#8220;][et_pb_column type=&#8220;4_4&#8243; _builder_version=&#8220;4.21.0&#8243; _module_preset=&#8220;default&#8220; global_colors_info=&#8220;{}&#8220;][et_pb_text _builder_version=&#8220;4.21.0&#8243; text_font=&#8220;||||||||&#8220; header_font=&#8220;||||||||&#8220; header_2_font=&#8220;Prata|500|||||||&#8220; header_2_font_size=&#8220;56px&#8220; header_2_line_height=&#8220;1.3em&#8220; header_3_font=&#8220;|700||on|||||&#8220; header_3_text_color=&#8220;rgba(0,0,0,0.35)&#8220; header_3_font_size=&#8220;12px&#8220; header_3_letter_spacing=&#8220;5px&#8220; header_3_line_height=&#8220;2em&#8220; header_6_text_color=&#8220;#848652&#8243; transform_translate_linked=&#8220;off&#8220; max_width=&#8220;700px&#8220; max_width_tablet=&#8220;70%&#8220; max_width_last_edited=&#8220;off|phone&#8220; module_alignment=&#8220;center&#8220; header_2_font_size_tablet=&#8220;40px&#8220; header_2_font_size_phone=&#8220;26px&#8220; header_2_font_size_last_edited=&#8220;on|phone&#8220; header_3_font_size_phone=&#8220;10px&#8220; header_3_font_size_last_edited=&#8220;off|desktop&#8220; module_alignment_last_edited=&#8220;off|desktop&#8220; text_text_align=&#8220;center&#8220; global_colors_info=&#8220;{}&#8220;]<\/p>\n<h6>Dein WEG ZU Mir<\/h6>\n<h2><\/h2>\n<h2><\/h2>\n<h2><\/h2>\n<h2><b>Kontakt<\/b><\/h2>\n<p>[\/et_pb_text][et_pb_divider color=&#8220;#3E4E34&#8243; divider_weight=&#8220;1.5px&#8220; _builder_version=&#8220;4.21.0&#8243; _module_preset=&#8220;default&#8220; width=&#8220;5%&#8220; module_alignment=&#8220;center&#8220; global_colors_info=&#8220;{}&#8220;][\/et_pb_divider][et_pb_contact_form captcha=&#8220;off&#8220; _builder_version=&#8220;4.21.0&#8243; _module_preset=&#8220;default&#8220; _unique_id=&#8220;7901ca8a-8f38-41cb-9149-72a0569b7d9c&#8220; title_font=&#8220;Montserrat||||||||&#8220; form_field_font=&#8220;Montserrat||||||||&#8220; custom_button=&#8220;on&#8220; button_text_size=&#8220;16px&#8220; button_text_color=&#8220;#3E4E34&#8243; button_border_width=&#8220;0px&#8220; button_font=&#8220;Montserrat||||||||&#8220; global_colors_info=&#8220;{}&#8220;][et_pb_contact_field field_id=&#8220;Name&#8220; field_title=&#8220;Name&#8220; _builder_version=&#8220;4.21.0&#8243; form_field_text_color=&#8220;#3E4E34&#8243; form_field_font=&#8220;Montserrat||||||||&#8220; global_colors_info=&#8220;{}&#8220; button_text_size__hover_enabled=&#8220;off&#8220; button_one_text_size__hover_enabled=&#8220;off&#8220; button_two_text_size__hover_enabled=&#8220;off&#8220; button_text_color__hover_enabled=&#8220;off&#8220; button_one_text_color__hover_enabled=&#8220;off&#8220; button_two_text_color__hover_enabled=&#8220;off&#8220; button_border_width__hover_enabled=&#8220;off&#8220; button_one_border_width__hover_enabled=&#8220;off&#8220; button_two_border_width__hover_enabled=&#8220;off&#8220; button_border_color__hover_enabled=&#8220;off&#8220; button_one_border_color__hover_enabled=&#8220;off&#8220; button_two_border_color__hover_enabled=&#8220;off&#8220; button_border_radius__hover_enabled=&#8220;off&#8220; button_one_border_radius__hover_enabled=&#8220;off&#8220; button_two_border_radius__hover_enabled=&#8220;off&#8220; button_letter_spacing__hover_enabled=&#8220;off&#8220; button_one_letter_spacing__hover_enabled=&#8220;off&#8220; button_two_letter_spacing__hover_enabled=&#8220;off&#8220; button_bg_color__hover_enabled=&#8220;off&#8220; button_one_bg_color__hover_enabled=&#8220;off&#8220; button_two_bg_color__hover_enabled=&#8220;off&#8220;][\/et_pb_contact_field][et_pb_contact_field field_id=&#8220;Email&#8220; field_title=&#8220;E-Mail-Adresse&#8220; field_type=&#8220;email&#8220; _builder_version=&#8220;4.21.0&#8243; global_colors_info=&#8220;{}&#8220; button_text_size__hover_enabled=&#8220;off&#8220; button_one_text_size__hover_enabled=&#8220;off&#8220; button_two_text_size__hover_enabled=&#8220;off&#8220; button_text_color__hover_enabled=&#8220;off&#8220; button_one_text_color__hover_enabled=&#8220;off&#8220; button_two_text_color__hover_enabled=&#8220;off&#8220; button_border_width__hover_enabled=&#8220;off&#8220; button_one_border_width__hover_enabled=&#8220;off&#8220; button_two_border_width__hover_enabled=&#8220;off&#8220; button_border_color__hover_enabled=&#8220;off&#8220; button_one_border_color__hover_enabled=&#8220;off&#8220; button_two_border_color__hover_enabled=&#8220;off&#8220; button_border_radius__hover_enabled=&#8220;off&#8220; button_one_border_radius__hover_enabled=&#8220;off&#8220; button_two_border_radius__hover_enabled=&#8220;off&#8220; button_letter_spacing__hover_enabled=&#8220;off&#8220; button_one_letter_spacing__hover_enabled=&#8220;off&#8220; button_two_letter_spacing__hover_enabled=&#8220;off&#8220; button_bg_color__hover_enabled=&#8220;off&#8220; button_one_bg_color__hover_enabled=&#8220;off&#8220; button_two_bg_color__hover_enabled=&#8220;off&#8220;][\/et_pb_contact_field][et_pb_contact_field field_id=&#8220;Message&#8220; field_title=&#8220;Nachricht&#8220; field_type=&#8220;text&#8220; fullwidth_field=&#8220;on&#8220; _builder_version=&#8220;4.16&#8243; global_colors_info=&#8220;{}&#8220; button_text_size__hover_enabled=&#8220;off&#8220; button_one_text_size__hover_enabled=&#8220;off&#8220; button_two_text_size__hover_enabled=&#8220;off&#8220; button_text_color__hover_enabled=&#8220;off&#8220; button_one_text_color__hover_enabled=&#8220;off&#8220; button_two_text_color__hover_enabled=&#8220;off&#8220; button_border_width__hover_enabled=&#8220;off&#8220; button_one_border_width__hover_enabled=&#8220;off&#8220; button_two_border_width__hover_enabled=&#8220;off&#8220; button_border_color__hover_enabled=&#8220;off&#8220; button_one_border_color__hover_enabled=&#8220;off&#8220; button_two_border_color__hover_enabled=&#8220;off&#8220; button_border_radius__hover_enabled=&#8220;off&#8220; button_one_border_radius__hover_enabled=&#8220;off&#8220; button_two_border_radius__hover_enabled=&#8220;off&#8220; button_letter_spacing__hover_enabled=&#8220;off&#8220; button_one_letter_spacing__hover_enabled=&#8220;off&#8220; button_two_letter_spacing__hover_enabled=&#8220;off&#8220; button_bg_color__hover_enabled=&#8220;off&#8220; button_one_bg_color__hover_enabled=&#8220;off&#8220; button_two_bg_color__hover_enabled=&#8220;off&#8220;][\/et_pb_contact_field][\/et_pb_contact_form][\/et_pb_column][\/et_pb_row][\/et_pb_section]<\/p>\n","protected":false},"excerpt":{"rendered":"<p>Impressum\u00a0 Angaben gem. \u00a7 5 TMG Marie-Rose Ghazaryan Schlo\u00dfstr. 115 12163 Berlin Kontakt Telefon: 0176 821 95 394 E-Mail: marie-rose@mrg-coaching.com\u00a0 Umsatzsteuer-ID gem. \u00a7 27a Umsatzsteuergesetz Ust-IdNr: DE363378767 Inhaltlich Verwantwortliche gem. \u00a7 55 II RStV Texte &amp; Grafiken: Marie-Rose Ghazaryan Adresse: s.o. Fotos: unsplash.com Hinweis gem\u00e4\u00df Online-Streitbeilegungs-Verordnung Nach geltendem Recht bin ich verpflichtet, Verbraucher auf die [&hellip;]<\/p>\n","protected":false},"author":1,"featured_media":0,"parent":0,"menu_order":0,"comment_status":"closed","ping_status":"closed","template":"","meta":{"_et_pb_use_builder":"on","_et_pb_old_content":"","_et_gb_content_width":"","footnotes":""},"_links":{"self":[{"href":"https:\/\/mrg-coaching.com\/en\/wp-json\/wp\/v2\/pages\/66"}],"collection":[{"href":"https:\/\/mrg-coaching.com\/en\/wp-json\/wp\/v2\/pages"}],"about":[{"href":"https:\/\/mrg-coaching.com\/en\/wp-json\/wp\/v2\/types\/page"}],"author":[{"embeddable":true,"href":"https:\/\/mrg-coaching.com\/en\/wp-json\/wp\/v2\/users\/1"}],"replies":[{"embeddable":true,"href":"https:\/\/mrg-coaching.com\/en\/wp-json\/wp\/v2\/comments?post=66"}],"version-history":[{"count":16,"href":"https:\/\/mrg-coaching.com\/en\/wp-json\/wp\/v2\/pages\/66\/revisions"}],"predecessor-version":[{"id":754,"href":"https:\/\/mrg-coaching.com\/en\/wp-json\/wp\/v2\/pages\/66\/revisions\/754"}],"wp:attachment":[{"href":"https:\/\/mrg-coaching.com\/en\/wp-json\/wp\/v2\/media?parent=66"}],"curies":[{"name":"wp","href":"https:\/\/api.w.org\/{rel}","templated":true}]}}